{"id":380,"date":"2024-02-24T18:08:59","date_gmt":"2024-02-24T17:08:59","guid":{"rendered":"https:\/\/portraitsonores.com\/?page_id=380"},"modified":"2024-02-24T20:52:59","modified_gmt":"2024-02-24T19:52:59","slug":"380-2","status":"publish","type":"page","link":"https:\/\/portraitsonores.com\/index.php\/380-2\/","title":{"rendered":"Formules et tarifs"},"content":{"rendered":"\n<div class=\"wp-block-columns has-smaller-left-margin is-layout-flex wp-container-core-columns-layout-1 wp-block-columns-is-layout-flex\">\n<div class=\"wp-block-column is-style-shadow has-background-background-color has-background is-layout-flow wp-container-core-column-layout-1 wp-block-column-is-layout-flow\" style=\"padding-top:0;padding-right:0;padding-bottom:0;padding-left:0\">\n<div class=\"wp-block-group has-background-color has-secondary-background-color has-text-color has-background is-layout-flow wp-block-group-is-layout-flow\" style=\"border-top-left-radius:20px;border-top-right-radius:20px;padding-top:20px;padding-right:30px;padding-bottom:20px;padding-left:30px\">\n<div style=\"height:20px\" aria-hidden=\"true\" class=\"wp-block-spacer\"><\/div>\n\n\n\n<h3 class=\"wp-block-heading has-text-align-center has-white-color has-text-color\" style=\"font-size:clamp(16.834px, 1.052rem + ((1vw - 3.2px) * 0.955), 26px);\">La biographie sonore<\/h3>\n\n\n\n<h5 class=\"wp-block-heading has-text-align-center has-text-color\" style=\"color:#ffffff99\">A partir de 990 \u20ac<\/h5>\n\n\n\n<div style=\"height:20px\" aria-hidden=\"true\" class=\"wp-block-spacer\"><\/div>\n<\/div>\n\n\n\n<div class=\"wp-block-group is-layout-flow wp-container-core-group-layout-2 wp-block-group-is-layout-flow\" style=\"border-style:none;border-width:0px;padding-top:40px;padding-right:40px;padding-bottom:40px;padding-left:40px\">\n<p class=\"has-text-align-left has-small-font-size\"><strong>Vous souhaitez transmettre votre histoire, garder une trace de vos souvenirs pour entretenir la m\u00e9moire familiale ?<\/strong> Vous aimeriez donner \u00e0 un parent ou grand-parent la possibilit\u00e9 d&#8217;enregistrer la biographie de sa vie ? <\/p>\n\n\n\n<p class=\"has-text-align-left has-small-font-size\"><strong>La biographie sonore est une tr\u00e8s bonne id\u00e9e de cadeau collectif,<\/strong> qui pla\u00eet autant \u00e0 la personne qui le re\u00e7oit qu&#8217;\u00e0 celles \u00e0 l&#8217;origine du cadeau \ud83d\ude42 Car si nos a\u00een\u00e9s sont heureux de pouvoir <strong>se raconter et laisser une trace,<\/strong> leurs enfants et petits enfants pourront garder pr\u00e9cieusement ces enregistrements, et m\u00eame peut-\u00eatre &#8211; qui sait ? &#8211; d\u00e9couvrir des choses sur leur vie en les \u00e9coutant !<\/p>\n\n\n\n<p class=\"has-text-align-left has-small-font-size\"><\/p>\n\n\n\n<p class=\"has-text-align-left has-small-font-size\"><strong><em>Comment \u00e7a marche ? <\/em><\/strong><\/p>\n\n\n\n<p>Je me d\u00e9place chez vous avec mon mat\u00e9riel de prise de son dans la r\u00e9gion lyonnaise, et plus largement en Auvergne-Rh\u00f4ne-Alpes (enregistrement ailleurs possibles, me contacter pour un devis). L&#8217;enregistrement peut se faire en une ou deux fois, selon les besoins.<\/p>\n\n\n\n<p>Apr\u00e8s notre rencontre, je travaille sur le montage et l&#8217;habillage sonore et musical du r\u00e9cit. <br>Je vous livre ensuite une cl\u00e9 USB ou un CD contenant votre biographie sonore (d&#8217;une dur\u00e9e d&#8217;1h30 environ), ainsi qu&#8217;un fichier num\u00e9rique.<\/p>\n\n\n\n<div class=\"wp-block-buttons is-horizontal is-content-justification-center is-layout-flex wp-container-core-buttons-layout-1 wp-block-buttons-is-layout-flex\" style=\"margin-top:40px\">\n<div class=\"wp-block-button\"><a class=\"wp-block-button__link wp-element-button\" href=\"https:\/\/portraitsonores.com\/index.php\/contactez-moi-pour-me-parler-de-vos-projets-sonores\/\" style=\"border-radius:5px\" target=\"_blank\" rel=\"noreferrer noopener\">R\u00e9servez une biographie sonore<\/a><\/div>\n<\/div>\n<\/div>\n<\/div>\n\n\n\n<div class=\"wp-block-column is-style-shadow has-background-background-color has-background is-layout-flow wp-container-core-column-layout-2 wp-block-column-is-layout-flow\" style=\"border-style:none;border-width:0px;padding-top:0;padding-right:0;padding-bottom:0;padding-left:0\">\n<div class=\"wp-block-group has-background-color has-primary-background-color has-text-color has-background has-global-padding is-layout-constrained wp-block-group-is-layout-constrained\" style=\"border-top-left-radius:20px;border-top-right-radius:20px;padding-top:20px;padding-right:30px;padding-bottom:20px;padding-left:30px\">\n<div style=\"height:20px\" aria-hidden=\"true\" class=\"wp-block-spacer\"><\/div>\n\n\n\n<h3 class=\"wp-block-heading has-text-align-center has-white-color has-text-color\" style=\"font-size:clamp(16.834px, 1.052rem + ((1vw - 3.2px) * 0.955), 26px);\">Le portrait sonore<\/h3>\n\n\n\n<h5 class=\"wp-block-heading has-text-align-center has-text-color\" style=\"color:#ffffff99\">A partir de 790 \u20ac<\/h5>\n\n\n\n<div style=\"height:20px\" aria-hidden=\"true\" class=\"wp-block-spacer\"><\/div>\n<\/div>\n\n\n\n<div class=\"wp-block-group has-global-padding is-layout-constrained wp-container-core-group-layout-4 wp-block-group-is-layout-constrained\" style=\"border-style:none;border-width:0px;padding-top:40px;padding-right:40px;padding-bottom:40px;padding-left:40px\">\n<p class=\"has-text-align-left has-small-font-size\"><strong>Vous souhaitez surprendre une personne qui vous est ch\u00e8re en lui offrant son portrait sonore ? <\/strong><\/p>\n\n\n\n<p class=\"has-text-align-left has-small-font-size\">Le portrait sonore est un cadeau original fabriqu\u00e9 en secret avec les t\u00e9moignages et les voix des proches de la personne concern\u00e9e.  Ses amis et sa famille racontent des souvenirs et anecdotes afin de composer un portrait original, tant\u00f4t dr\u00f4le, tant\u00f4t \u00e9mouvant.<\/p>\n\n\n\n<p>Il peut s&#8217;agir du portrait d&#8217;une personne seule ou d&#8217;un couple, par exemple \u00e0 l&#8217;occasion d&#8217;un mariage. Les proches me contactent pour que nous enregistrions ensemble les \u00e9l\u00e9ments \u00e0 int\u00e9grer dans ce portrait sonore.<\/p>\n\n\n\n<p><strong><em>Comment \u00e7a marche ? <\/em><\/strong><br>Les entretiens peuvent \u00eatre r\u00e9alis\u00e9s en pr\u00e9sentiel \u00e0 Lyon ou en Auvergne Rh\u00f4ne-Alpes, possiblement en groupe, et ponctuellement envoy\u00e9s sous forme de notes vocales si les participants sont trop nombreux ou trop loin g\u00e9ographiquement.<\/p>\n\n\n\n<p>Une fois que toutes les contributions ont \u00e9t\u00e9 enregistr\u00e9es, je r\u00e9alise un montage qui mette en valeur les diff\u00e9rents t\u00e9moignages, en m&#8217;appuyant sur une ou des musiques que les proches m&#8217;auraient souffl\u00e9es.<\/p>\n\n\n\n<p>Je vous livre ensuite une cl\u00e9 USB ou un CD contenant votre biographie sonore, ainsi qu&#8217;un fichier num\u00e9rique. Le portrait finalis\u00e9 peut \u00eatre diffus\u00e9 \u00e0 l&#8217;occasion d&#8217;une f\u00eate en l&#8217;honneur de la personne (anniversaire, mariage, d\u00e9part en retraite&#8230;). <br>Rires et \u00e9motions assur\u00e9es !<\/p>\n\n\n\n<div class=\"wp-block-buttons is-horizontal is-content-justification-center is-layout-flex wp-container-core-buttons-layout-2 wp-block-buttons-is-layout-flex\" style=\"margin-top:40px\">\n<div class=\"wp-block-button\"><a class=\"wp-block-button__link wp-element-button\" href=\"https:\/\/portraitsonores.com\/index.php\/contactez-moi-pour-me-parler-de-vos-projets-sonores\/\" style=\"border-radius:5px\" target=\"_blank\" rel=\"noreferrer noopener\">R\u00e9servez un portrait sonore<\/a><\/div>\n<\/div>\n<\/div>\n<\/div>\n\n\n\n<div class=\"wp-block-column is-style-shadow has-background-background-color has-background is-layout-flow wp-container-core-column-layout-3 wp-block-column-is-layout-flow\" style=\"border-style:none;border-width:0px;padding-top:0;padding-right:0;padding-bottom:0;padding-left:0\">\n<div class=\"wp-block-group has-background-color has-secondary-background-color has-text-color has-background has-global-padding is-layout-constrained wp-block-group-is-layout-constrained\" style=\"border-top-left-radius:20px;border-top-right-radius:20px;padding-top:20px;padding-right:30px;padding-bottom:20px;padding-left:30px\">\n<div style=\"height:20px\" aria-hidden=\"true\" class=\"wp-block-spacer\"><\/div>\n\n\n\n<h3 class=\"wp-block-heading has-text-align-center has-white-color has-text-color\" style=\"font-size:clamp(16.834px, 1.052rem + ((1vw - 3.2px) * 0.955), 26px);\">Le mot doux sonore<\/h3>\n\n\n\n<h5 class=\"wp-block-heading has-text-align-center has-text-color\" style=\"color:#ffffff99\">A partir de 150 \u20ac<\/h5>\n\n\n\n<div style=\"height:20px\" aria-hidden=\"true\" class=\"wp-block-spacer\"><\/div>\n<\/div>\n\n\n\n<div class=\"wp-block-group has-global-padding is-layout-constrained wp-container-core-group-layout-6 wp-block-group-is-layout-constrained\" style=\"border-style:none;border-width:0px;padding-top:40px;padding-right:40px;padding-bottom:40px;padding-left:40px\">\n<p class=\"has-text-align-left has-small-font-size\"><strong>Vous r\u00eavez d&#8217;envoyer une lettre sonore \u00e0 un.e proche ?<\/strong><\/p>\n\n\n\n<p class=\"has-text-align-left has-small-font-size\">Le mot doux sonore est une fa\u00e7on originale de dire votre amour ou de donner des nouvelles. Lettre d&#8217;amour, carte postale sonore, po\u00e8me, message pr\u00e9natal ou postnatal destin\u00e9 \u00e0 votre b\u00e9b\u00e9 quand il\/elle sera en \u00e2ge de comprendre, message pour la f\u00eate des m\u00e8res ou des p\u00e8res&#8230; <\/p>\n\n\n\n<p class=\"has-text-align-left has-small-font-size\">A partir de l&#8217;enregistrement de votre voix, je mets en ondes et en musiques vos plus belles bafouilles. <\/p>\n\n\n\n<p class=\"has-text-align-left has-small-font-size\"><strong><em>Comment \u00e7a marche ? <\/em><\/strong><\/p>\n\n\n\n<p>Vous pouvez m&#8217;envoyer le fichier sonore de votre texte directement. Je peux aussi venir l&#8217;enregistrer \u00e0 vos c\u00f4t\u00e9s, selon les conditions tarifaires fix\u00e9es en amont ensemble. <\/p>\n\n\n\n<p>A partir de l&#8217;enregistrement, je r\u00e9alise un habillage sonore et musical qui mette en valeur votre texte, d&#8217;apr\u00e8s vos go\u00fbts et les envies que vous m&#8217;avez communiqu\u00e9es. <\/p>\n\n\n\n<div class=\"wp-block-buttons is-horizontal is-content-justification-center is-layout-flex wp-container-core-buttons-layout-3 wp-block-buttons-is-layout-flex\" style=\"margin-top:40px\">\n<div class=\"wp-block-button\"><a class=\"wp-block-button__link wp-element-button\" href=\"https:\/\/portraitsonores.com\/index.php\/contactez-moi-pour-me-parler-de-vos-projets-sonores\/\" style=\"border-radius:5px\" target=\"_blank\" rel=\"noreferrer noopener\">R\u00e9servez un mot doux sonore<\/a><\/div>\n<\/div>\n\n\n\n<p><\/p>\n<\/div>\n<\/div>\n<\/div>\n\n\n\n<div class=\"wp-block-group alignwide has-global-padding is-layout-constrained wp-block-group-is-layout-constrained\" style=\"margin-top:0px\">\n<div class=\"wp-block-columns is-layout-flex wp-container-core-columns-layout-2 wp-block-columns-is-layout-flex\">\n<div class=\"wp-block-column is-layout-flow wp-block-column-is-layout-flow\"><\/div>\n<\/div>\n<\/div>\n\n\n\n<div class=\"wp-block-columns is-layout-flex wp-container-core-columns-layout-3 wp-block-columns-is-layout-flex\">\n<div class=\"wp-block-column is-layout-flow wp-block-column-is-layout-flow\">\n<div class=\"wp-block-group has-background-color has-primary-background-color has-text-color has-background has-global-padding is-layout-constrained wp-block-group-is-layout-constrained\" style=\"border-top-left-radius:20px;border-top-right-radius:20px;padding-top:20px;padding-right:30px;padding-bottom:20px;padding-left:30px\">\n<div style=\"height:20px\" aria-hidden=\"true\" class=\"wp-block-spacer\"><\/div>\n\n\n\n<h3 class=\"wp-block-heading has-text-align-center has-white-color has-text-color\" style=\"font-size:clamp(16.834px, 1.052rem + ((1vw - 3.2px) * 0.955), 26px);\">Le mistral gagnant<\/h3>\n\n\n\n<h5 class=\"wp-block-heading has-text-align-center has-text-color\" style=\"color:#ffffff99\">A partir de 590 \u20ac<\/h5>\n\n\n\n<div style=\"height:20px\" aria-hidden=\"true\" class=\"wp-block-spacer\"><\/div>\n<\/div>\n\n\n\n<div class=\"wp-block-group has-global-padding is-layout-constrained wp-container-core-group-layout-9 wp-block-group-is-layout-constrained\" style=\"border-style:none;border-width:0px;padding-top:40px;padding-right:40px;padding-bottom:40px;padding-left:40px\">\n<p class=\"has-text-align-left has-small-font-size\"><strong>Vous souhaitez enregistrer et conserver la voix de vos enfants ou petits-enfants avant qu&#8217;ils\/elles ne grandissent ? <\/strong>Garder une trace de leur imagination d\u00e9bordante ou de leur spontan\u00e9it\u00e9 ? <\/p>\n\n\n\n<p>Le mistral gagnant est un contenu sonore enregistr\u00e9 avec une ou ou plusieurs voix d&#8217;enfants.. Il peut s&#8217;agir par exemple d&#8217;enregistrer des histoires imagin\u00e9es par les petits, ou de faire passer un message \u00e0 une personne de leur entourage. Pourquoi ne pas leur faire enregistrer, par exemple, un tendre message pour l&#8217;anniversaire d&#8217;un de leurs grand-parent ?<\/p>\n\n\n\n<p><strong><em>Comment \u00e7a marche ? <\/em><\/strong><\/p>\n\n\n\n<p>Je viens \u00e0 votre rencontre pour enregistrer, \u00e0 vos c\u00f4t\u00e9s, les t\u00e9moignages des enfants. <\/p>\n\n\n\n<p>Je r\u00e9alise ensuite le montage et l&#8217;habillage sonore et musical, d&#8217;apr\u00e8s vos souhaits, tout en m&#8217;appuyant sur les id\u00e9es et envies des enfants. <\/p>\n\n\n\n<p>Je vous livre ensuite une cl\u00e9 USB ou un CD contenant le &#8220;mistral gagnant&#8221;, ainsi qu&#8217;un fichier num\u00e9rique. Le montage finalis\u00e9 peut \u00eatre diffus\u00e9 \u00e0 l&#8217;occasion d&#8217;une f\u00eate en l&#8217;honneur de la personne. <br>Tendresse et \u00e9motions assur\u00e9es !<\/p>\n\n\n\n<div class=\"wp-block-buttons is-horizontal is-content-justification-center is-layout-flex wp-container-core-buttons-layout-4 wp-block-buttons-is-layout-flex\" style=\"margin-top:40px\">\n<div class=\"wp-block-button\"><a class=\"wp-block-button__link wp-element-button\" href=\"https:\/\/portraitsonores.com\/index.php\/contactez-moi-pour-me-parler-de-vos-projets-sonores\/\" style=\"border-radius:5px\" target=\"_blank\" rel=\"noreferrer noopener\">R\u00e9servez un mistral gagnant<\/a><\/div>\n<\/div>\n<\/div>\n<\/div>\n\n\n\n<div class=\"wp-block-column is-layout-flow wp-block-column-is-layout-flow\">\n<div class=\"wp-block-group has-background-color has-secondary-background-color has-text-color has-background is-layout-flow wp-block-group-is-layout-flow\" style=\"border-top-left-radius:20px;border-top-right-radius:20px;padding-top:20px;padding-right:30px;padding-bottom:20px;padding-left:30px\">\n<div style=\"height:20px\" aria-hidden=\"true\" class=\"wp-block-spacer\"><\/div>\n\n\n\n<h3 class=\"wp-block-heading has-text-align-center has-white-color has-text-color\" style=\"font-size:clamp(16.834px, 1.052rem + ((1vw - 3.2px) * 0.955), 26px);\">Le souvenir sonore<\/h3>\n\n\n\n<h5 class=\"wp-block-heading has-text-align-center has-text-color\" style=\"color:#ffffff99\">A partir de 1190 \u20ac<\/h5>\n\n\n\n<div style=\"height:20px\" aria-hidden=\"true\" class=\"wp-block-spacer\"><\/div>\n<\/div>\n\n\n\n<div class=\"wp-block-group is-layout-flow wp-container-core-group-layout-11 wp-block-group-is-layout-flow\" style=\"border-style:none;border-width:0px;padding-top:40px;padding-right:40px;padding-bottom:40px;padding-left:40px\">\n<p><strong>Vous r\u00eavez d\u2019immortaliser un \u00e9v\u00e9nement marquant de votre vie ?<\/strong> Afin de garder une trace, comme un vrai reportage radio, de ce moment important, que vous pourrez r\u00e9\u00e9couter autant de fois que vous le voudrez. <\/p>\n\n\n\n<p>Le souvenir sonore est un reportage embarqu\u00e9 au c\u0153ur des \u00e9v\u00e9nements marquants de votre vie (mariage, anniversaire, grossesse, d\u00e9part en retraite&#8230;) <\/p>\n\n\n\n<p><strong><em>Comment \u00e7a marche ? <\/em><\/strong><\/p>\n\n\n\n<p>Je passe la journ\u00e9e \/ soir\u00e9e de l&#8217;\u00e9v\u00e9nement \u00e0 vos c\u00f4t\u00e9s, enregistrant des sons d&#8217;ambiance, situations, mais aussi des moments d&#8217;entretien avec vous et avec vos invit\u00e9s. Des moments de prise de son peuvent \u00eatre r\u00e9alis\u00e9s aussi en amont de l&#8217;\u00e9v\u00e9nement, pour immortaliser les pr\u00e9paratifs, et toute l&#8217;excitation autour de l&#8217;attente d&#8217;un si grand moment. <\/p>\n\n\n\n<p class=\"has-text-align-left has-small-font-size\"><\/p>\n\n\n\n<div class=\"wp-block-buttons is-horizontal is-content-justification-center is-layout-flex wp-container-core-buttons-layout-5 wp-block-buttons-is-layout-flex\" style=\"margin-top:40px\">\n<div class=\"wp-block-button\"><a class=\"wp-block-button__link wp-element-button\" href=\"https:\/\/portraitsonores.com\/index.php\/contactez-moi-pour-me-parler-de-vos-projets-sonores\/\" style=\"border-radius:5px\" target=\"_blank\" rel=\"noreferrer noopener\">R\u00e9servez un souvenir sonore<\/a><\/div>\n<\/div>\n<\/div>\n<\/div>\n\n\n\n<div class=\"wp-block-column is-layout-flow wp-block-column-is-layout-flow\">\n<p><\/p>\n\n\n\n<div style=\"height:229px\" aria-hidden=\"true\" class=\"wp-block-spacer\"><\/div>\n\n\n\n<figure class=\"wp-block-image size-large is-resized has-custom-border wp-duotone-unset-1\"><img loading=\"lazy\" decoding=\"async\" width=\"1600\" height=\"2560\" src=\"https:\/\/portraitsonores.com\/wp-content\/uploads\/2024\/02\/cassette-transparente-connectee-casque-autour-du-coeur-rouge-edited-scaled.jpg\" alt=\"\" class=\"wp-image-412\" style=\"border-style:none;border-width:0px;border-radius:100px;width:335px;height:auto\" srcset=\"https:\/\/portraitsonores.com\/wp-content\/uploads\/2024\/02\/cassette-transparente-connectee-casque-autour-du-coeur-rouge-edited-scaled.jpg 1600w, https:\/\/portraitsonores.com\/wp-content\/uploads\/2024\/02\/cassette-transparente-connectee-casque-autour-du-coeur-rouge-edited-188x300.jpg 188w, https:\/\/portraitsonores.com\/wp-content\/uploads\/2024\/02\/cassette-transparente-connectee-casque-autour-du-coeur-rouge-edited-640x1024.jpg 640w, https:\/\/portraitsonores.com\/wp-content\/uploads\/2024\/02\/cassette-transparente-connectee-casque-autour-du-coeur-rouge-edited-2000x3200.jpg 2000w\" sizes=\"(max-width: 1600px) 100vw, 1600px\" \/><\/figure>\n<\/div>\n<\/div>\n\n\n\n<p><\/p>\n\n\n\n<p><\/p>\n\n\n\n<p><\/p>\n\n\n\n<p>\/<\/p>\n","protected":false},"excerpt":{"rendered":"<p>La biographie sonore A partir de 990 \u20ac Vous souhaitez transmettre votre histoire, garder une trace de vos souvenirs pour entretenir la m\u00e9moire familiale ? Vous aimeriez donner \u00e0 un parent ou grand-parent la possibilit\u00e9 d&#8217;enregistrer la biographie de sa vie ? La biographie sonore est une tr\u00e8s bonne id\u00e9e de cadeau collectif, qui pla\u00eet &hellip; <\/p>\n<p class=\"link-more\"><a href=\"https:\/\/portraitsonores.com\/index.php\/380-2\/\" class=\"more-link\">Read more<span class=\"screen-reader-text\"> &#8220;Formules et tarifs&#8221;<\/span><\/a><\/p>\n","protected":false},"author":1,"featured_media":0,"parent":0,"menu_order":0,"comment_status":"closed","ping_status":"closed","template":"","meta":{"om_disable_all_campaigns":false,"_monsterinsights_skip_tracking":false,"_monsterinsights_sitenote_active":false,"_monsterinsights_sitenote_note":"","_monsterinsights_sitenote_category":0,"footnotes":""},"aioseo_notices":[],"_links":{"self":[{"href":"https:\/\/portraitsonores.com\/index.php\/wp-json\/wp\/v2\/pages\/380"}],"collection":[{"href":"https:\/\/portraitsonores.com\/index.php\/wp-json\/wp\/v2\/pages"}],"about":[{"href":"https:\/\/portraitsonores.com\/index.php\/wp-json\/wp\/v2\/types\/page"}],"author":[{"embeddable":true,"href":"https:\/\/portraitsonores.com\/index.php\/wp-json\/wp\/v2\/users\/1"}],"replies":[{"embeddable":true,"href":"https:\/\/portraitsonores.com\/index.php\/wp-json\/wp\/v2\/comments?post=380"}],"version-history":[{"count":33,"href":"https:\/\/portraitsonores.com\/index.php\/wp-json\/wp\/v2\/pages\/380\/revisions"}],"predecessor-version":[{"id":452,"href":"https:\/\/portraitsonores.com\/index.php\/wp-json\/wp\/v2\/pages\/380\/revisions\/452"}],"wp:attachment":[{"href":"https:\/\/portraitsonores.com\/index.php\/wp-json\/wp\/v2\/media?parent=380"}],"curies":[{"name":"wp","href":"https:\/\/api.w.org\/{rel}","templated":true}]}}